{"id":15,"date":"2026-02-18T13:55:26","date_gmt":"2026-02-18T13:55:26","guid":{"rendered":"https:\/\/psyecosys.com\/?page_id=15"},"modified":"2026-02-27T10:47:51","modified_gmt":"2026-02-27T10:47:51","slug":"fr","status":"publish","type":"page","link":"https:\/\/psyecosys.com\/index.php\/fr\/","title":{"rendered":"Accueil"},"content":{"rendered":"\n<p class=\"has-text-align-right\"><a href=\"http:\/\/www.psyecosys.com\/\" data-type=\"link\" data-id=\"http:\/\/www.psyecosys.com\">EN<\/a> | FR<\/p>\n\n\n\n<div style=\"height:33px\" aria-hidden=\"true\" class=\"wp-block-spacer\"><\/div>\n\n\n\n<figure class=\"wp-block-image aligncenter size-large is-resized\"><img loading=\"lazy\" decoding=\"async\" width=\"1536\" height=\"864\" src=\"https:\/\/psyecosys.com\/wp-content\/uploads\/2026\/02\/psyecosys_signature-edited-1.png\" alt=\"\" class=\"wp-image-16\" style=\"width:210px\" srcset=\"https:\/\/psyecosys.com\/wp-content\/uploads\/2026\/02\/psyecosys_signature-edited-1.png 1536w, https:\/\/psyecosys.com\/wp-content\/uploads\/2026\/02\/psyecosys_signature-edited-1-300x169.png 300w, https:\/\/psyecosys.com\/wp-content\/uploads\/2026\/02\/psyecosys_signature-edited-1-1024x576.png 1024w, https:\/\/psyecosys.com\/wp-content\/uploads\/2026\/02\/psyecosys_signature-edited-1-768x432.png 768w\" sizes=\"auto, (max-width: 1536px) 100vw, 1536px\" \/><\/figure>\n\n\n\n<div style=\"height:71px\" aria-hidden=\"true\" class=\"wp-block-spacer\"><\/div>\n\n\n\n<h2 class=\"wp-block-heading\"><strong>PsyEcosys<\/strong><\/h2>\n\n\n\n<h3 class=\"wp-block-heading\"><strong>R\u00e9inventons l\u2019acc\u00e8s aux soins psychiques<\/strong><\/h3>\n\n\n\n<p>PsyEcosys d\u00e9veloppe des outils num\u00e9riques innovants pour am\u00e9liorer l\u2019acc\u00e8s aux soins en sant\u00e9 mentale.<\/p>\n\n\n\n<p>Notre approche combine technologie, \u00e9thique et compr\u00e9hension fine des parcours patients.<\/p>\n\n\n\n<hr class=\"wp-block-separator has-alpha-channel-opacity\"\/>\n\n\n\n<h3 class=\"wp-block-heading\"><strong>Pourquoi ?<\/strong><\/h3>\n\n\n\n<p>Parce que l\u2019acc\u00e8s aux soins psychiques reste complexe, fragment\u00e9 et in\u00e9gal.<\/p>\n\n\n\n<p>Nous pensons qu\u2019il est possible de cr\u00e9er un \u00e9cosyst\u00e8me plus simple, plus humain et plus efficace.<\/p>\n\n\n\n<hr class=\"wp-block-separator has-alpha-channel-opacity\"\/>\n\n\n\n<h3 class=\"wp-block-heading\"><strong>Notre vision<\/strong><\/h3>\n\n\n\n<ul class=\"wp-block-list\">\n<li>\ud83d\udd39 Un accompagnement plus fluide<\/li>\n\n\n\n<li>\ud83d\udd39 Des outils intelligents au service du soin<\/li>\n\n\n\n<li>\ud83d\udd39 Une approche respectueuse des professionnels et des patients<\/li>\n<\/ul>\n\n\n\n<hr class=\"wp-block-separator has-alpha-channel-opacity\"\/>\n\n\n\n<h3 class=\"wp-block-heading\"><strong>Contact<\/strong><\/h3>\n\n\n\n<div class=\"wp-block-buttons is-content-justification-center is-layout-flex wp-container-core-buttons-is-layout-a89b3969 wp-block-buttons-is-layout-flex\">\n<div class=\"wp-block-button\"><a class=\"wp-block-button__link wp-element-button\" href=\"mailto:contact@psyecosys.com\">Contact us<\/a><\/div>\n<\/div>\n","protected":false},"excerpt":{"rendered":"<p>EN | FR PsyEcosys R\u00e9inventons l\u2019acc\u00e8s aux soins psychiques PsyEcosys d\u00e9veloppe des outils num\u00e9riques innovants pour am\u00e9liorer l\u2019acc\u00e8s aux soins en sant\u00e9 mentale. Notre approche combine technologie, \u00e9thique et compr\u00e9hension fine des parcours patients. Pourquoi ? Parce que l\u2019acc\u00e8s aux soins psychiques reste complexe, fragment\u00e9 et in\u00e9gal. Nous pensons qu\u2019il est possible de cr\u00e9er un [&hellip;]<\/p>\n","protected":false},"author":1,"featured_media":0,"parent":0,"menu_order":0,"comment_status":"closed","ping_status":"closed","template":"page-no-title","meta":{"footnotes":""},"class_list":["post-15","page","type-page","status-publish","hentry"],"_links":{"self":[{"href":"https:\/\/psyecosys.com\/index.php\/wp-json\/wp\/v2\/pages\/15","targetHints":{"allow":["GET"]}}],"collection":[{"href":"https:\/\/psyecosys.com\/index.php\/wp-json\/wp\/v2\/pages"}],"about":[{"href":"https:\/\/psyecosys.com\/index.php\/wp-json\/wp\/v2\/types\/page"}],"author":[{"embeddable":true,"href":"https:\/\/psyecosys.com\/index.php\/wp-json\/wp\/v2\/users\/1"}],"replies":[{"embeddable":true,"href":"https:\/\/psyecosys.com\/index.php\/wp-json\/wp\/v2\/comments?post=15"}],"version-history":[{"count":11,"href":"https:\/\/psyecosys.com\/index.php\/wp-json\/wp\/v2\/pages\/15\/revisions"}],"predecessor-version":[{"id":59,"href":"https:\/\/psyecosys.com\/index.php\/wp-json\/wp\/v2\/pages\/15\/revisions\/59"}],"wp:attachment":[{"href":"https:\/\/psyecosys.com\/index.php\/wp-json\/wp\/v2\/media?parent=15"}],"curies":[{"name":"wp","href":"https:\/\/api.w.org\/{rel}","templated":true}]}}